{"id":4042,"date":"2022-07-11T05:40:38","date_gmt":"2022-07-11T05:40:38","guid":{"rendered":"https:\/\/tastecanarias.com\/?page_id=4042"},"modified":"2022-07-31T10:06:25","modified_gmt":"2022-07-31T10:06:25","slug":"transparencia","status":"publish","type":"page","link":"http:\/\/tastecanarias.com\/?page_id=4042","title":{"rendered":"Transparencia"},"content":{"rendered":"<p>[vc_row][vc_column][vc_column_text]<a href=\"http:\/\/tastecanarias.com\/wp-content\/uploads\/2020\/12\/160221_Taste_Canarias_Logo_Vect-1.png\"><img decoding=\"async\" loading=\"lazy\" class=\"size-full wp-image-4011 aligncenter\" src=\"http:\/\/tastecanarias.com\/wp-content\/uploads\/2020\/12\/160221_Taste_Canarias_Logo_Vect-1.png\" alt=\"\" width=\"200\" height=\"92\" \/><\/a><\/p>\n<p>&nbsp;<\/p>\n<p>TASTE CANARIAS S.L. . se fund\u00f3 el 8 de febrero de 2016, dos hermanos que hab\u00edan dedicado su vida a la fabricaci\u00f3n\u00a0 caramelos, grageas, turr\u00f3n y chicles para empresas nacionales e internacionales aterrizaron en Gran Canaria con el sue\u00f1o de un d\u00eda crear una empresa que represente Canarias y convertise en una empresa l\u00edder a nivel local y nacional.\u00a0 Despu\u00e9s de m\u00e1s de 5 a\u00f1os trabajando muy duro y de manera constante, Taste Canarias S.L. esta bien establecida en el mercado canario con m\u00e1s de 500 puntos de venta en el archipi\u00e9lago.<\/p>\n<p>Actualmente, tanto las oficinas como la planta de de fabricaci\u00f3n se encuentran en el pol\u00edgono de Arinaga de la isla de Gran Canaria.<\/p>\n<p>Uno de los valores principales de Taste Canarias es la transparencia, es por ello que publicamos informaci\u00f3n tanto de nuestra gesti\u00f3n como de nuestros resultados econ\u00f3micos. Damos adem\u00e1s cumplimiento a la Ley estatal 19\/2013, de 9 de diciembre, de transparencia, acceso a la informaci\u00f3n p\u00fablica y buen gobierno, y a la Ley canaria 12\/2014, de 26 de diciembre, de transparencia y de acceso a la informaci\u00f3n p\u00fablica, que nos afecta en su art\u00edculo 3, por ser entidad privada que percibe ayudas o subvenciones, en cuant\u00eda superior a 60.000 euros, con cargo a los Presupuestos de la Comunidad Aut\u00f3noma de Canarias.[\/vc_column_text][vc_column_text]<strong>Ley Canaria de Transparencia<\/strong><\/p>\n<p><strong>Taste Canarias S.L. <\/strong>\u00a0mantendr\u00e1 este portal actualizado para que nuestros clientes, proveedores y la ciudadan\u00eda en general pueda consultar nuestra actividad, seg\u00fan la\u00a0<strong>Ley de Transparencia 19\/2013 \u00a0y la Ley 12\/2014, de 26 de diciembre, de Transparencia y de Acceso a la Informaci\u00f3n P\u00fablica del Gobierno de Canarias<\/strong>.<\/p>\n<p>M\u00e1s informaci\u00f3n: <a href=\"https:\/\/transparenciacanarias.org\/\" target=\"_blank\" rel=\"noopener\">Comisionado de Transparencia del Gobierno de Canarias<\/a>.[\/vc_column_text][vc_single_image image=\u00bb4052&#8243; img_size=\u00bbmedium\u00bb onclick=\u00bbcustom_link\u00bb link=\u00bbhttps:\/\/transparenciacanarias.org\/\u00bb][vc_column_text]<strong>Accesos directos<br \/>\nFecha de revisi\u00f3n de documentos: 26\/07\/2022<\/strong><\/p>\n<ul class=\"transparencia-accesos pl-0\">\n<li><a href=\"http:\/\/tastecanarias.com\/wp-content\/uploads\/2022\/07\/INFORMACION-INSTITUCIONAL.odt\">1. Informaci\u00f3n Institucional<\/a><\/li>\n<li>2. Informaci\u00f3n organizativa\n<ul class=\"transparencia-accesos\">\n<li><a href=\"http:\/\/tastecanarias.com\/wp-content\/uploads\/2022\/07\/Normativa-aplicable-a-la-Sociedad.odt\">2.1. Normativa aplicable<\/a><\/li>\n<li><a href=\"http:\/\/tastecanarias.com\/wp-content\/uploads\/2022\/07\/Informacion-relativa-a-las-funciones-y-competencias.odt\">2.2. Informaci\u00f3n relativa a las funciones y competencias<\/a><\/li>\n<li><a href=\"http:\/\/tastecanarias.com\/wp-content\/uploads\/2022\/07\/ORGANIGRAMA.odt\">2.3. Informaci\u00f3n organizativa<\/a><\/li>\n<\/ul>\n<\/li>\n<li><a>3. Informaci\u00f3n econ\u00f3mico-financiera<\/a>\n<ul class=\"transparencia-accesos\">\n<li>3.1. Cuentas anuales\n<ul class=\"transparencia-accesos\">\n<li><a href=\"http:\/\/tastecanarias.com\/wp-content\/uploads\/2022\/07\/TASTE-CANARIAS-CUANTAS-ANUALES-2020.odt\">Cuentas anuales<\/a><\/li>\n<li><a href=\"http:\/\/tastecanarias.com\/wp-content\/uploads\/2022\/07\/TASTE-CANARIAS-memoria-2020.odt\">Memoria<\/a><\/li>\n<\/ul>\n<\/li>\n<li>3.1. Auditorias\n<ul class=\"transparencia-accesos\">\n<li><a href=\"http:\/\/tastecanarias.com\/wp-content\/uploads\/2022\/07\/ac7ks-hlpxr.odt\">3.2.1 Informe de revisi\u00f3n de cuenta justificativa de subvenci\u00f3n linea covid-Taste Canarias.<\/a><\/li>\n<\/ul>\n<\/li>\n<\/ul>\n<\/li>\n<li>4. Informaci\u00f3n sobre contrataci\u00f3n\n<ul class=\"transparencia-accesos pl-0\">\n<li><a href=\"http:\/\/tastecanarias.com\/wp-content\/uploads\/2022\/07\/No-tenemos-contratos-formalizados.odt\">4.1. Contratos formalizados<\/a><\/li>\n<li><a href=\"http:\/\/tastecanarias.com\/wp-content\/uploads\/2022\/07\/No-tenemos-contratos-formalizados.odt\">4.2. Informaci\u00f3n trimestral de contratos de menore<\/a>s<\/li>\n<li><a href=\"http:\/\/tastecanarias.com\/wp-content\/uploads\/2022\/07\/No-tenemos-contratos-formalizados.odt\">4.3. Relaci\u00f3n de contratos<\/a><\/li>\n<\/ul>\n<\/li>\n<li><a href=\"http:\/\/tastecanarias.com\/wp-content\/uploads\/2022\/07\/No-tenemos-convenios.odt\">5. Convenios<\/a><\/li>\n<li><a href=\"http:\/\/tastecanarias.com\/wp-content\/uploads\/2022\/07\/RELACION-DETALLADA-DE-SUBVENCIONES.odt\">6. Ayudas y subvenciones<\/a><\/li>\n<\/ul>\n<p>[\/vc_column_text][\/vc_column][\/vc_row]<\/p>\n","protected":false},"excerpt":{"rendered":"<p>[vc_row][vc_column][vc_column_text] &nbsp; TASTE CANARIAS S.L. . se fund\u00f3 el 8 de febrero de 2016, dos hermanos que hab\u00edan dedicado su vida a la fabricaci\u00f3n\u00a0 caramelos, grageas, turr\u00f3n y chicles para empresas nacionales e internacionales aterrizaron en Gran Canaria con el sue\u00f1o de un d\u00eda crear una empresa que represente Canarias y convertise en una empresa [&hellip;]<\/p>\n","protected":false},"author":1,"featured_media":0,"parent":0,"menu_order":0,"comment_status":"closed","ping_status":"closed","template":"","meta":[],"_links":{"self":[{"href":"http:\/\/tastecanarias.com\/index.php?rest_route=\/wp\/v2\/pages\/4042"}],"collection":[{"href":"http:\/\/tastecanarias.com\/index.php?rest_route=\/wp\/v2\/pages"}],"about":[{"href":"http:\/\/tastecanarias.com\/index.php?rest_route=\/wp\/v2\/types\/page"}],"author":[{"embeddable":true,"href":"http:\/\/tastecanarias.com\/index.php?rest_route=\/wp\/v2\/users\/1"}],"replies":[{"embeddable":true,"href":"http:\/\/tastecanarias.com\/index.php?rest_route=%2Fwp%2Fv2%2Fcomments&post=4042"}],"version-history":[{"count":22,"href":"http:\/\/tastecanarias.com\/index.php?rest_route=\/wp\/v2\/pages\/4042\/revisions"}],"predecessor-version":[{"id":4098,"href":"http:\/\/tastecanarias.com\/index.php?rest_route=\/wp\/v2\/pages\/4042\/revisions\/4098"}],"wp:attachment":[{"href":"http:\/\/tastecanarias.com\/index.php?rest_route=%2Fwp%2Fv2%2Fmedia&parent=4042"}],"curies":[{"name":"wp","href":"https:\/\/api.w.org\/{rel}","templated":true}]}}