{"id":3862,"date":"2015-06-08T10:21:44","date_gmt":"2015-06-08T10:21:44","guid":{"rendered":"http:\/\/cakery.templatation.com\/main\/?page_id=3839"},"modified":"2022-07-04T12:26:53","modified_gmt":"2022-07-04T12:26:53","slug":"one-page-2","status":"publish","type":"page","link":"http:\/\/tastecanarias.com\/","title":{"rendered":"Pagina Principal"},"content":{"rendered":"<p>[vc_row css=\u00bb.vc_custom_1609758236086{margin-top: -10px !important;border-top-width: 0px !important;padding-top: 0px !important;background-image: url(http:\/\/cakery.templatation.com\/one-page\/wp-content\/uploads\/sites\/5\/2015\/03\/sprinkles-bg.png?id=3449) !important;background-position: 0 0 !important;background-repeat: repeat !important;}\u00bb el_class=\u00bbwelcomeblock\u00bb el_id=\u00bbwhyus\u00bb][vc_column][vc_row_inner][vc_column_inner width=\u00bb1\/2&#8243;][vc_empty_space height=\u00bb80px\u00bb][vc_empty_space height=\u00bb80px\u00bb][vc_custom_heading text=\u00bbHecho para ti\u00bb font_container=\u00bbtag:h2|font_size:60|text_align:center\u00bb google_fonts=\u00bbfont_family:Satisfy%3Aregular|font_style:400%20regular%3A400%3Anormal\u00bb][vc_custom_heading text=\u00bbcon mucho amor canario\u00bb font_container=\u00bbtag:h2|font_size:60|text_align:center\u00bb google_fonts=\u00bbfont_family:Satisfy%3Aregular|font_style:400%20regular%3A400%3Anormal\u00bb][vc_empty_space][vc_custom_heading text=\u00bbPermanecer fiel a lo tradicional y a las ra\u00edces nos ha convertido en lo que somos. Una empresa de car\u00e1cter familiar que ha sabido adaptarse y evolucionar consiguiendo productos que sean reconocidos y valorados en nuestras islas canarias. Nuestro deliciosos Caramelos, Piruletas, Turrones, Membrillo artesanal y nuestras Mermeladas elaboradas siguiendo la receta de la familia son nuestro estandarte.\u00bb font_container=\u00bbtag:h2|font_size:20|text_align:center\u00bb google_fonts=\u00bbfont_family:Cabin%3Aregular%2Citalic%2C500%2C500italic%2C600%2C600italic%2C700%2C700italic|font_style:400%20regular%3A400%3Anormal\u00bb][vc_empty_space height=\u00bb16px\u00bb][\/vc_column_inner][vc_column_inner width=\u00bb1\/4&#8243;][vc_single_image image=\u00bb3929&#8243; img_size=\u00bb250&#215;250&#8243; alignment=\u00bbcenter\u00bb style=\u00bbvc_box_rounded\u00bb][vc_single_image image=\u00bb3889&#8243; img_size=\u00bb250&#215;250&#8243; alignment=\u00bbcenter\u00bb style=\u00bbvc_box_rounded\u00bb][\/vc_column_inner][vc_column_inner width=\u00bb1\/4&#8243;][vc_single_image image=\u00bb3766&#8243; img_size=\u00bb250&#215;250&#8243; alignment=\u00bbcenter\u00bb style=\u00bbvc_box_rounded\u00bb][vc_single_image image=\u00bb3898&#8243; img_size=\u00bb250&#215;250&#8243; alignment=\u00bbcenter\u00bb style=\u00bbvc_box_rounded\u00bb][\/vc_column_inner][\/vc_row_inner][\/vc_column][\/vc_row][vc_row bg_type=\u00bbimage\u00bb parallax_style=\u00bbvcpb-default\u00bb bg_image_new=\u00bbid^3931|url^http:\/\/tastecanarias.com\/wp-content\/uploads\/2020\/12\/fruit-platter-with-purple-figs-orange-and-cornel-berries-scaled.jpg|caption^Fruit platter with purple figs, orange and cornel berries. High quality photo|alt^null|title^Fruit platter with purple figs, orange and cornel berries|description^null\u00bb bg_image_repeat=\u00bbno-repeat\u00bb bg_image_size=\u00bbinitial\u00bb bg_override=\u00bbfull\u00bb css=\u00bb.vc_custom_1609081815724{background-position: 0 0 !important;background-repeat: no-repeat !important;}\u00bb][vc_column][vc_empty_space height=\u00bb118px\u00bb][vc_custom_heading text=\u00bbProducto Canario, ahora m\u00e1s que nunca\u00bb font_container=\u00bbtag:h2|font_size:60px|text_align:center|color:%23ffffff\u00bb use_theme_fonts=\u00bbyes\u00bb][vc_empty_space height=\u00bb20px\u00bb][vc_empty_space height=\u00bb102px\u00bb][\/vc_column][\/vc_row][vc_row bg_type=\u00bbno_bg\u00bb css=\u00bb.vc_custom_1433073061801{margin-bottom: 40px !important;}\u00bb el_id=\u00bbourstrength\u00bb][vc_column][vc_row_inner][vc_column_inner][vc_custom_heading text=\u00bbNuestros valores\u00bb font_container=\u00bbtag:h2|font_size:80|text_align:center\u00bb google_fonts=\u00bbfont_family:Satisfy%3Aregular|font_style:400%20regular%3A400%3Anormal\u00bb][\/vc_column_inner][\/vc_row_inner][vc_row_inner css=\u00bb.vc_custom_1430481830979{margin-right: 3% !important;margin-left: 3% !important;}\u00bb][vc_column_inner width=\u00bb1\/3&#8243;]<div class=\"aio-icon-component  templatation    style_1\"><div id=\"Info-box-wrap-8817\" class=\"aio-icon-box left-icon\" style=\"\"  ><div class=\"aio-icon-left\"><div class=\"ult-just-icon-wrapper   templatation \"><div class=\"align-icon\" style=\"text-align:center;\">\n<div class=\"aio-icon-img \" style=\"font-size:52px;display:inline-block;\" >\n\t<img class=\"img-icon\" alt=\"null\" src=\"http:\/\/tastecanarias.com\/wp-content\/uploads\/2020\/12\/tRADICION-LOGO.png\"\/>\n<\/div><\/div><\/div><\/div><div class=\"aio-ibd-block\"><div class=\"aio-icon-header\" ><h3 class=\"aio-icon-title ult-responsive\"  data-ultimate-target='#Info-box-wrap-8817 .aio-icon-title'  data-responsive-json-new='{\"font-size\":\"desktop:24px;\",\"line-height\":\"\"}'  style=\"color:#533537;\">Tradici\u00f3n Artesanal<\/h3><\/div> <!-- header --><div class=\"aio-icon-description ult-responsive\"  data-ultimate-target='#Info-box-wrap-8817 .aio-icon-description'  data-responsive-json-new='{\"font-size\":\"\",\"line-height\":\"\"}'  style=\"\">Degustar los productos es como volver al origen, al punto de partida de la cultura gastron\u00f3mica Canaria.<\/div> <!-- description --><\/div> <!-- aio-ibd-block --><\/div> <!-- aio-icon-box --><\/div> <!-- aio-icon-component --><div class=\"aio-icon-component  templatation    style_1\"><div id=\"Info-box-wrap-6447\" class=\"aio-icon-box left-icon\" style=\"\"  ><div class=\"aio-icon-left\"><div class=\"ult-just-icon-wrapper   templatation \"><div class=\"align-icon\" style=\"text-align:center;\">\n<div class=\"aio-icon-img \" style=\"font-size:52px;display:inline-block;\" >\n\t<img class=\"img-icon\" alt=\"null\" src=\"http:\/\/tastecanarias.com\/wp-content\/uploads\/2020\/12\/INNOVACION-CONTINUA-LOGO.png\"\/>\n<\/div><\/div><\/div><\/div><div class=\"aio-ibd-block\"><div class=\"aio-icon-header\" ><h3 class=\"aio-icon-title ult-responsive\"  data-ultimate-target='#Info-box-wrap-6447 .aio-icon-title'  data-responsive-json-new='{\"font-size\":\"desktop:24px;\",\"line-height\":\"\"}'  style=\"color:#533537;\">Innovaci\u00f3n Continua<\/h3><\/div> <!-- header --><div class=\"aio-icon-description ult-responsive\"  data-ultimate-target='#Info-box-wrap-6447 .aio-icon-description'  data-responsive-json-new='{\"font-size\":\"\",\"line-height\":\"\"}'  style=\"\">Comprometidos a forjar un futuro mejor, mediante la constante innovaci\u00f3n.<\/div> <!-- description --><\/div> <!-- aio-ibd-block --><\/div> <!-- aio-icon-box --><\/div> <!-- aio-icon-component -->[\/vc_column_inner][vc_column_inner width=\u00bb1\/3&#8243;]<div class=\"aio-icon-component  templatation    style_1\"><div id=\"Info-box-wrap-9149\" class=\"aio-icon-box left-icon\" style=\"\"  ><div class=\"aio-icon-left\"><div class=\"ult-just-icon-wrapper   templatation \"><div class=\"align-icon\" style=\"text-align:center;\">\n<div class=\"aio-icon-img \" style=\"font-size:52px;display:inline-block;\" >\n\t<img class=\"img-icon\" alt=\"null\" src=\"http:\/\/tastecanarias.com\/wp-content\/uploads\/2020\/12\/cALIDAD-LOGO.png\"\/>\n<\/div><\/div><\/div><\/div><div class=\"aio-ibd-block\"><div class=\"aio-icon-header\" ><h3 class=\"aio-icon-title ult-responsive\"  data-ultimate-target='#Info-box-wrap-9149 .aio-icon-title'  data-responsive-json-new='{\"font-size\":\"desktop:24px;\",\"line-height\":\"\"}'  style=\"color:#533537;\">M\u00e1xima Calidad<\/h3><\/div> <!-- header --><div class=\"aio-icon-description ult-responsive\"  data-ultimate-target='#Info-box-wrap-9149 .aio-icon-description'  data-responsive-json-new='{\"font-size\":\"\",\"line-height\":\"\"}'  style=\"\">Selecci\u00f3n de la mejores materias primas para obtener la m\u00e1xima calidad<\/div> <!-- description --><\/div> <!-- aio-ibd-block --><\/div> <!-- aio-icon-box --><\/div> <!-- aio-icon-component --><div class=\"aio-icon-component  templatation    style_1\"><div id=\"Info-box-wrap-7785\" class=\"aio-icon-box left-icon\" style=\"\"  ><div class=\"aio-icon-left\"><div class=\"ult-just-icon-wrapper   templatation \"><div class=\"align-icon\" style=\"text-align:center;\">\n<div class=\"aio-icon-img \" style=\"font-size:52px;display:inline-block;\" >\n\t<img class=\"img-icon\" alt=\"null\" src=\"http:\/\/tastecanarias.com\/wp-content\/uploads\/2020\/12\/SABOR-Y-NATURALIDAD-LOGO.png\"\/>\n<\/div><\/div><\/div><\/div><div class=\"aio-ibd-block\"><div class=\"aio-icon-header\" ><h3 class=\"aio-icon-title ult-responsive\"  data-ultimate-target='#Info-box-wrap-7785 .aio-icon-title'  data-responsive-json-new='{\"font-size\":\"desktop:24px;\",\"line-height\":\"\"}'  style=\"color:#533537;\">Sabor y Naturalidad<\/h3><\/div> <!-- header --><div class=\"aio-icon-description ult-responsive\"  data-ultimate-target='#Info-box-wrap-7785 .aio-icon-description'  data-responsive-json-new='{\"font-size\":\"\",\"line-height\":\"\"}'  style=\"\">Manteniendo nuestras recetas tradicionales nos aseguramos que sabor y productos naturales sean nuestros estandartes<\/div> <!-- description --><\/div> <!-- aio-ibd-block --><\/div> <!-- aio-icon-box --><\/div> <!-- aio-icon-component -->[\/vc_column_inner][vc_column_inner width=\u00bb1\/3&#8243;]<div class=\"aio-icon-component  templatation    style_1\"><div id=\"Info-box-wrap-1911\" class=\"aio-icon-box left-icon\" style=\"\"  ><div class=\"aio-icon-left\"><div class=\"ult-just-icon-wrapper   templatation \"><div class=\"align-icon\" style=\"text-align:center;\">\n<div class=\"aio-icon-img \" style=\"font-size:52px;display:inline-block;\" >\n\t<img class=\"img-icon\" alt=\"null\" src=\"http:\/\/tastecanarias.com\/wp-content\/uploads\/2020\/12\/SERVICIO-LOGO.png\"\/>\n<\/div><\/div><\/div><\/div><div class=\"aio-ibd-block\"><div class=\"aio-icon-header\" ><h3 class=\"aio-icon-title ult-responsive\"  data-ultimate-target='#Info-box-wrap-1911 .aio-icon-title'  data-responsive-json-new='{\"font-size\":\"desktop:24px;\",\"line-height\":\"\"}'  style=\"color:#533537;\">Servicio Personalizado<\/h3><\/div> <!-- header --><div class=\"aio-icon-description ult-responsive\"  data-ultimate-target='#Info-box-wrap-1911 .aio-icon-description'  data-responsive-json-new='{\"font-size\":\"\",\"line-height\":\"\"}'  style=\"\">Lo m\u00e1s importante es el cliente as\u00ed que todo nuestro trabajo est\u00e1 orientado para dar el mejor servicio posible al cliente.<\/div> <!-- description --><\/div> <!-- aio-ibd-block --><\/div> <!-- aio-icon-box --><\/div> <!-- aio-icon-component --><div class=\"aio-icon-component  templatation    style_1\"><div id=\"Info-box-wrap-1449\" class=\"aio-icon-box left-icon\" style=\"\"  ><div class=\"aio-icon-left\"><div class=\"ult-just-icon-wrapper   templatation \"><div class=\"align-icon\" style=\"text-align:center;\">\n<div class=\"aio-icon-img \" style=\"font-size:52px;display:inline-block;\" >\n\t<img class=\"img-icon\" alt=\"null\" src=\"http:\/\/tastecanarias.com\/wp-content\/uploads\/2020\/12\/PARA-TODOS-LOS-PUBLICOS-LOGO-3.png\"\/>\n<\/div><\/div><\/div><\/div><div class=\"aio-ibd-block\"><div class=\"aio-icon-header\" ><h3 class=\"aio-icon-title ult-responsive\"  data-ultimate-target='#Info-box-wrap-1449 .aio-icon-title'  data-responsive-json-new='{\"font-size\":\"desktop:24px;\",\"line-height\":\"\"}'  style=\"color:#533537;\">Para todos los p\u00fablicos<\/h3><\/div> <!-- header --><div class=\"aio-icon-description ult-responsive\"  data-ultimate-target='#Info-box-wrap-1449 .aio-icon-description'  data-responsive-json-new='{\"font-size\":\"\",\"line-height\":\"\"}'  style=\"\">La naturaleza de los productos Taste Canarias hacen que sean recomendables para todos los p\u00fablicos<\/div> <!-- description --><\/div> <!-- aio-ibd-block --><\/div> <!-- aio-icon-box --><\/div> <!-- aio-icon-component -->[\/vc_column_inner][\/vc_row_inner][\/vc_column][\/vc_row][vc_row bg_type=\u00bbimage\u00bb parallax_style=\u00bbvcpb-default\u00bb bg_image_new=\u00bbid^3929|url^http:\/\/tastecanarias.com\/wp-content\/uploads\/2020\/12\/nougat-2351215_1920.jpg|caption^null|alt^null|title^nougat-2351215_1920|description^null\u00bb bg_override=\u00bbfull\u00bb enable_overlay=\u00bbenable_overlay_value\u00bb overlay_color=\u00bb#7c5e60&#8243; overlay_pattern=\u00bbtransperant\u00bb overlay_pattern_opacity=\u00bb65&#8243; overlay_pattern_attachment=\u00bbfixed\u00bb el_id=\u00bbprodcuts\u00bb][vc_column][vc_empty_space height=\u00bb60px\u00bb][vc_custom_heading text=\u00bbNuestros Productos\u00bb font_container=\u00bbtag:h1|font_size:75|text_align:center|color:%23ffffff\u00bb use_theme_fonts=\u00bbyes\u00bb][vc_row_inner css=\u00bb.vc_custom_1430720931754{margin-bottom: 0px !important;}\u00bb][vc_column_inner width=\u00bb1\/4&#8243;]<div class=\"ult_pricing_table_wrap ult_info_table ult_design_5  ult-cs-custom   templatation \">\r\n\t\t\t\t\t<div class=\"ult_pricing_table info_min_ht\" style=\"background:#df0b1a;color:#ffffff; min-height:400px;\"><div id=\"Info-table-wrap-1288\" class=\"ult_pricing_heading\" style=\"background:#ffffff;color:#e80b0b;\">\r\n\t\t\t\t\t\t\t<h3 class=\"ult-responsive\"  data-ultimate-target='#Info-table-wrap-1288 h3'  data-responsive-json-new='{\"font-size\":\"desktop:28px;\",\"line-height\":\"\"}'  style=\"font-weight:normal;\">Piruletas y Caramelos<\/h3><\/div><!--ult_pricing_heading--><div class=\"ult_price_body_block\" style=\"background:#ffffff;color:#e80b0b;\">\r\n\t\t\t\t\t\t\t<div class=\"ult_price_body\">\r\n\t\t\t\t\t\t\t\t<div class=\"ult_price\">\r\n\t\t\t\t\t\t\t\t\t<div class=\"ult-just-icon-wrapper   templatation \"><div class=\"align-icon\" style=\"text-align:center;\">\n<div class=\"aio-icon-img \" style=\"font-size:250px;display:inline-block;\" >\n\t<img class=\"img-icon\" alt=\"\" src=\"http:\/\/tastecanarias.com\/wp-content\/uploads\/2016\/08\/04e2da4af3cc3dbe93debcb3eae520cf_large.jpg\"\/>\n<\/div><\/div><\/div>\r\n\t\t\t\t\t\t\t\t<\/div>\r\n\t\t\t\t\t\t\t<\/div>\r\n\t\t\t\t\t\t<\/div><!--ult_price_body_block--><div id=\"info_table_features_wrap-4727\"  data-ultimate-target='#info_table_features_wrap-4727.ult_price_features'  data-responsive-json-new='{\"font-size\":\"\",\"line-height\":\"\"}'  class=\"ult-responsive ult_price_features\" style=\"font-weight:normal;\">\r\n\t\t\t\t\t\t\t<p style=\"text-align: center;\">Caramelos y piruletas es las Islas Canarias son sin\u00f3nimo de Taste Canarias. Desde nuestros inicios la fabricaci\u00f3n de caramelos tradicionales y piruletas han sido nuestro estandartes.<\/p>\n\r\n\t\t\t\t\t\t<\/div><!--ult_price_features--><div class=\"ult_clr\"><\/div>\r\n\t\t\t<\/div><!--pricing_table-->\r\n\t\t<\/div><!--pricing_table_wrap-->[\/vc_column_inner][vc_column_inner width=\u00bb1\/4&#8243;]<div class=\"ult_pricing_table_wrap ult_info_table ult_design_5  ult-cs-custom   templatation \">\r\n\t\t\t\t\t<div class=\"ult_pricing_table info_min_ht\" style=\"background:#df0b1a;color:#ffffff; min-height:400px;\"><div id=\"Info-table-wrap-7505\" class=\"ult_pricing_heading\" style=\"background:#ffffff;color:#e80b0b;\">\r\n\t\t\t\t\t\t\t<h3 class=\"ult-responsive\"  data-ultimate-target='#Info-table-wrap-7505 h3'  data-responsive-json-new='{\"font-size\":\"desktop:28px;\",\"line-height\":\"\"}'  style=\"font-weight:normal;\">Turrones Tradicionales<\/h3><\/div><!--ult_pricing_heading--><div class=\"ult_price_body_block\" style=\"background:#ffffff;color:#e80b0b;\">\r\n\t\t\t\t\t\t\t<div class=\"ult_price_body\">\r\n\t\t\t\t\t\t\t\t<div class=\"ult_price\">\r\n\t\t\t\t\t\t\t\t\t<div class=\"ult-just-icon-wrapper   templatation \"><div class=\"align-icon\" style=\"text-align:center;\">\n<div class=\"aio-icon-img \" style=\"font-size:235px;display:inline-block;\" >\n\t<img class=\"img-icon\" alt=\"\" src=\"http:\/\/tastecanarias.com\/wp-content\/uploads\/2020\/12\/tURRON.jpg\"\/>\n<\/div><\/div><\/div>\r\n\t\t\t\t\t\t\t\t<\/div>\r\n\t\t\t\t\t\t\t<\/div>\r\n\t\t\t\t\t\t<\/div><!--ult_price_body_block--><div id=\"info_table_features_wrap-5565\"  data-ultimate-target='#info_table_features_wrap-5565.ult_price_features'  data-responsive-json-new='{\"font-size\":\"\",\"line-height\":\"\"}'  class=\"ult-responsive ult_price_features\" style=\"font-weight:normal;\">\r\n\t\t\t\t\t\t\t<p style=\"text-align: center;\">En Taste Canarias fabricamos turr\u00f3n con nuestras recetas tradicionales. Turr\u00f3n Duro, Turr\u00f3n Blando entre otros son reconocidos a nivel local y comercializado en todas las islas Canarias<\/p>\n\r\n\t\t\t\t\t\t<\/div><!--ult_price_features--><div class=\"ult_clr\"><\/div>\r\n\t\t\t<\/div><!--pricing_table-->\r\n\t\t<\/div><!--pricing_table_wrap-->[\/vc_column_inner][vc_column_inner width=\u00bb1\/4&#8243;]<div class=\"ult_pricing_table_wrap ult_info_table ult_design_5  ult-cs-custom   templatation \">\r\n\t\t\t\t\t<div class=\"ult_pricing_table info_min_ht\" style=\"background:#df0b1a;color:#ffffff; min-height:400px;\"><div id=\"Info-table-wrap-4439\" class=\"ult_pricing_heading\" style=\"background:#ffffff;color:#e80b0b;\">\r\n\t\t\t\t\t\t\t<h3 class=\"ult-responsive\"  data-ultimate-target='#Info-table-wrap-4439 h3'  data-responsive-json-new='{\"font-size\":\"desktop:28px;\",\"line-height\":\"\"}'  style=\"font-weight:normal;\">Panes de higo<\/h3><\/div><!--ult_pricing_heading--><div class=\"ult_price_body_block\" style=\"background:#ffffff;color:#e80b0b;\">\r\n\t\t\t\t\t\t\t<div class=\"ult_price_body\">\r\n\t\t\t\t\t\t\t\t<div class=\"ult_price\">\r\n\t\t\t\t\t\t\t\t\t<div class=\"ult-just-icon-wrapper   templatation \"><div class=\"align-icon\" style=\"text-align:center;\">\n<div class=\"aio-icon-img \" style=\"font-size:237px;display:inline-block;\" >\n\t<img class=\"img-icon\" alt=\"\" src=\"http:\/\/tastecanarias.com\/wp-content\/uploads\/2020\/12\/pan-higo-especias-navideno.jpg\"\/>\n<\/div><\/div><\/div>\r\n\t\t\t\t\t\t\t\t<\/div>\r\n\t\t\t\t\t\t\t<\/div>\r\n\t\t\t\t\t\t<\/div><!--ult_price_body_block--><div id=\"info_table_features_wrap-9956\"  data-ultimate-target='#info_table_features_wrap-9956.ult_price_features'  data-responsive-json-new='{\"font-size\":\"\",\"line-height\":\"\"}'  class=\"ult-responsive ult_price_features\" style=\"font-weight:normal;\">\r\n\t\t\t\t\t\t\t<p style=\"text-align: center;\">Higos y frutos secos, no puede haber una mejor mezcla. En Taste Canarias los combinamos conjuntamente con Gofio, Chocolate, Pl\u00e1tano obteniendo un producto final que sorpreder\u00e1 tu paladar<\/p>\n\r\n\t\t\t\t\t\t<\/div><!--ult_price_features--><div class=\"ult_clr\"><\/div>\r\n\t\t\t<\/div><!--pricing_table-->\r\n\t\t<\/div><!--pricing_table_wrap-->[\/vc_column_inner][vc_column_inner width=\u00bb1\/4&#8243;]<div class=\"ult_pricing_table_wrap ult_info_table ult_design_5  ult-cs-custom   templatation \">\r\n\t\t\t\t\t<div class=\"ult_pricing_table info_min_ht\" style=\"background:#df0b1a;color:#ffffff; min-height:400px;\"><div id=\"Info-table-wrap-7388\" class=\"ult_pricing_heading\" style=\"background:#ffffff;color:#e80b0b;\">\r\n\t\t\t\t\t\t\t<h3 class=\"ult-responsive\"  data-ultimate-target='#Info-table-wrap-7388 h3'  data-responsive-json-new='{\"font-size\":\"desktop:28px;\",\"line-height\":\"\"}'  style=\"font-weight:normal;\">Frutos Secos Garrapi\u00f1ados<\/h3><\/div><!--ult_pricing_heading--><div class=\"ult_price_body_block\" style=\"background:#ffffff;color:#e80b0b;\">\r\n\t\t\t\t\t\t\t<div class=\"ult_price_body\">\r\n\t\t\t\t\t\t\t\t<div class=\"ult_price\">\r\n\t\t\t\t\t\t\t\t\t<div class=\"ult-just-icon-wrapper   templatation \"><div class=\"align-icon\" style=\"text-align:center;\">\n<div class=\"aio-icon-img \" style=\"font-size:234px;display:inline-block;\" >\n\t<img class=\"img-icon\" alt=\"\" src=\"http:\/\/tastecanarias.com\/wp-content\/uploads\/2020\/12\/Candied-Walnuts-Recipe-1-e1609104229386.jpg\"\/>\n<\/div><\/div><\/div>\r\n\t\t\t\t\t\t\t\t<\/div>\r\n\t\t\t\t\t\t\t<\/div>\r\n\t\t\t\t\t\t<\/div><!--ult_price_body_block--><div id=\"info_table_features_wrap-1025\"  data-ultimate-target='#info_table_features_wrap-1025.ult_price_features'  data-responsive-json-new='{\"font-size\":\"\",\"line-height\":\"\"}'  class=\"ult-responsive ult_price_features\" style=\"font-weight:normal;\">\r\n\t\t\t\t\t\t\t<p>En Taste Canarias garrapi\u00f1amos todo lo que se les puede ocurrir. Somos expertos y gran parte de nuestra producci\u00f3n la exportamos a la pen\u00ednsula y el extranjero. Almendras, Cacahuetes, Avellanas y nueces son nuestra especialidad<\/p>\n\r\n\t\t\t\t\t\t<\/div><!--ult_price_features--><div class=\"ult_clr\"><\/div>\r\n\t\t\t<\/div><!--pricing_table-->\r\n\t\t<\/div><!--pricing_table_wrap-->[\/vc_column_inner][\/vc_row_inner][\/vc_column][\/vc_row][vc_row css=\u00bb.vc_custom_1609758285714{margin-top: -10px !important;border-top-width: 0px !important;padding-top: 0px !important;background-image: url(http:\/\/cakery.templatation.com\/one-page\/wp-content\/uploads\/sites\/5\/2015\/03\/sprinkles-bg.png?id=3449) !important;background-position: 0 0 !important;background-repeat: repeat !important;}\u00bb el_class=\u00bbwelcomeblock\u00bb el_id=\u00bbfindus\u00bb][vc_column][vc_row_inner][vc_column_inner width=\u00bb1\/2&#8243;][vc_gmaps link=\u00bb#E-8_JTNDaWZyYW1lJTIwc3JjJTNEJTIyaHR0cHMlM0ElMkYlMkZ3d3cuZ29vZ2xlLmNvbSUyRm1hcHMlMkZlbWJlZCUzRnBiJTNEJTIxMW0xOCUyMTFtMTIlMjExbTMlMjExZDM1MjcuMjA3NjMyMjUyMTclMjEyZC0xNS40Mjg0NjY4ODU1ODE1NjQlMjEzZDI3Ljg2NDg5MTUyNTE1OTAzJTIxMm0zJTIxMWYwJTIxMmYwJTIxM2YwJTIxM20yJTIxMWkxMDI0JTIxMmk3NjglMjE0ZjEzLjElMjEzbTMlMjExbTIlMjExczB4YzQwOWY2YTZjNzM5OWEzJTI1M0EweDYwN2UzM2ZlMWUwMWI3YiUyMTJzQ2FsbGUlMjUyMEZyZXNubyUyNTJDJTI1MjAyMUIlMjUyQyUyNTIwMzUxMTglMjUyMEFnJTI1QzMlMjVCQ2ltZXMlMjUyQyUyNTIwTGFzJTI1MjBQYWxtYXMlMjUyQyUyNTIwRXNwYSUyNUMzJTI1QjFhJTIxNWUwJTIxM20yJTIxMXNlcyUyMTJzZGUlMjE0djE2MDg0NTg5MTI0NTglMjE1bTIlMjExc2VzJTIxMnNkZSUyMiUyMHdpZHRoJTNEJTIyNjAwJTIyJTIwaGVpZ2h0JTNEJTIyNDUwJTIyJTIwZnJhbWVib3JkZXIlM0QlMjIwJTIyJTIwc3R5bGUlM0QlMjJib3JkZXIlM0EwJTNCJTIyJTIwYWxsb3dmdWxsc2NyZWVuJTNEJTIyJTIyJTIwYXJpYS1oaWRkZW4lM0QlMjJmYWxzZSUyMiUyMHRhYmluZGV4JTNEJTIyMCUyMiUzRSUzQyUyRmlmcmFtZSUzRQ==\u00bb][\/vc_column_inner][vc_column_inner width=\u00bb1\/2&#8243;][vc_empty_space height=\u00bb80px\u00bb][vc_custom_heading text=\u00bbContacta con nosotros!\u00bb font_container=\u00bbtag:h2|font_size:50|text_align:center\u00bb google_fonts=\u00bbfont_family:Satisfy%3Aregular|font_style:400%20regular%3A400%3Anormal\u00bb][vc_empty_space][vc_custom_heading text=\u00bbTASTE CANARIAS S.L.<br \/>\nC\/ Fresno 21B, 35118<br \/>\nPoligono de Arinaga<br \/>\nLas Palmas de Gran Canaria<br \/>\n\u00bb font_container=\u00bbtag:h2|font_size:20|text_align:center\u00bb google_fonts=\u00bbfont_family:Cabin%3Aregular%2Citalic%2C500%2C500italic%2C600%2C600italic%2C700%2C700italic|font_style:400%20regular%3A400%3Anormal\u00bb][vc_empty_space height=\u00bb16px\u00bb][vc_custom_heading text=\u00bbemail: info@tastecanarias.com<br \/>\ntel\u00e9fono: +34 653 30 97 37&#8243; font_container=\u00bbtag:h2|font_size:20|text_align:center\u00bb google_fonts=\u00bbfont_family:Cabin%3Aregular%2Citalic%2C500%2C500italic%2C600%2C600italic%2C700%2C700italic|font_style:400%20regular%3A400%3Anormal\u00bb][\/vc_column_inner][\/vc_row_inner][\/vc_column][\/vc_row][vc_row][vc_column][vc_single_image image=\u00bb4027&#8243; img_size=\u00bbfull\u00bb alignment=\u00bbcenter\u00bb][vc_column_text]<\/p>\n<p class=\"xxxxxxxmsonormal\" style=\"text-align: justify; margin: 9.0pt 0cm 9.0pt 0cm;\"><b><i><span style=\"font-family: 'Arial',sans-serif; color: black;\">FONDO EUROPEO DE DESARROLLO REGIONAL<\/span><\/i><\/b><span style=\"color: black;\">\u00a0<\/span><\/p>\n<p class=\"xxxxxxxmsonormal\" style=\"text-align: justify; margin: 9.0pt 0cm 9.0pt 36.0pt;\"><i><span style=\"font-family: 'Arial',sans-serif; color: #222222;\">Proyecto cofinanciado por el Fondo Europeo de Desarrollo Regional como parte de la respuesta de la Uni\u00f3n a la pandemia de COVID-19: Linea 2 Subvenciones dirigidas al mantenimiento de la actividad de personas trabajadoras aut\u00f3nomas y peque\u00f1as y medianas empresas, de los sectores m\u00e1s afectados por la crisis derivada de la COVID-19<\/span><\/i><span style=\"color: black;\">\u00a0<\/span><\/p>\n<p>[\/vc_column_text][\/vc_column][\/vc_row]<\/p>\n","protected":false},"excerpt":{"rendered":"<p>[vc_row css=\u00bb.vc_custom_1609758236086{margin-top: -10px !important;border-top-width: 0px !important;padding-top: 0px !important;background-image: url(http:\/\/cakery.templatation.com\/one-page\/wp-content\/uploads\/sites\/5\/2015\/03\/sprinkles-bg.png?id=3449) !important;background-position: 0 0 !important;background-repeat: repeat !important;}\u00bb el_class=\u00bbwelcomeblock\u00bb el_id=\u00bbwhyus\u00bb][vc_column][vc_row_inner][vc_column_inner width=\u00bb1\/2&#8243;][vc_empty_space height=\u00bb80px\u00bb][vc_empty_space height=\u00bb80px\u00bb][vc_custom_heading text=\u00bbHecho para ti\u00bb font_container=\u00bbtag:h2|font_size:60|text_align:center\u00bb google_fonts=\u00bbfont_family:Satisfy%3Aregular|font_style:400%20regular%3A400%3Anormal\u00bb][vc_custom_heading text=\u00bbcon mucho amor canario\u00bb font_container=\u00bbtag:h2|font_size:60|text_align:center\u00bb google_fonts=\u00bbfont_family:Satisfy%3Aregular|font_style:400%20regular%3A400%3Anormal\u00bb][vc_empty_space][vc_custom_heading text=\u00bbPermanecer fiel a lo tradicional y a las ra\u00edces nos ha convertido en lo que somos. Una empresa de car\u00e1cter familiar que ha sabido [&hellip;]<\/p>\n","protected":false},"author":1,"featured_media":0,"parent":0,"menu_order":0,"comment_status":"closed","ping_status":"closed","template":"template-fullwidth.php","meta":[],"_links":{"self":[{"href":"http:\/\/tastecanarias.com\/index.php?rest_route=\/wp\/v2\/pages\/3862"}],"collection":[{"href":"http:\/\/tastecanarias.com\/index.php?rest_route=\/wp\/v2\/pages"}],"about":[{"href":"http:\/\/tastecanarias.com\/index.php?rest_route=\/wp\/v2\/types\/page"}],"author":[{"embeddable":true,"href":"http:\/\/tastecanarias.com\/index.php?rest_route=\/wp\/v2\/users\/1"}],"replies":[{"embeddable":true,"href":"http:\/\/tastecanarias.com\/index.php?rest_route=%2Fwp%2Fv2%2Fcomments&post=3862"}],"version-history":[{"count":91,"href":"http:\/\/tastecanarias.com\/index.php?rest_route=\/wp\/v2\/pages\/3862\/revisions"}],"predecessor-version":[{"id":4039,"href":"http:\/\/tastecanarias.com\/index.php?rest_route=\/wp\/v2\/pages\/3862\/revisions\/4039"}],"wp:attachment":[{"href":"http:\/\/tastecanarias.com\/index.php?rest_route=%2Fwp%2Fv2%2Fmedia&parent=3862"}],"curies":[{"name":"wp","href":"https:\/\/api.w.org\/{rel}","templated":true}]}}